{"id":9,"date":"2021-05-19T11:12:03","date_gmt":"2021-05-19T09:12:03","guid":{"rendered":"https:\/\/inuitheritage.gl\/cookie-politik\/"},"modified":"2021-05-25T16:46:17","modified_gmt":"2021-05-25T14:46:17","slug":"cookie-politik","status":"publish","type":"page","link":"https:\/\/inuitheritage.gl\/gl\/cookie-politik\/","title":{"rendered":"Cookie-politik"},"content":{"rendered":"<p><strong>Brug af cookies<\/strong><\/p>\n<p>Her kan du l\u00e6se Qeqqata Kommunia Sismiut - GL politik for anvendelsen af cookies ved bes\u00f8g p\u00e5 inuitheritage.gl\/gl. Ved bes\u00f8g p\u00e5 Qeqqata Kommunia Sismiut - GL hjemmeside accepterer du nedenst\u00e5ende politik om cookies.<\/p>\n<p><a href=\"https:\/\/inuitheritage.gl\/gl\/privatlivspolitik-2\/\">Klik her for at g\u00e5 til privatlivspolitik<\/a><\/p>\n<h2>Hvad er en cookie?<\/h2>\n<p>En cookie er en lille tekstfil, denne gemmes i webbrowseren p\u00e5 din computer, smartphone, iPad eller hvad du ellers g\u00e5r p\u00e5 nettet med. Cookies g\u00f8r det muligt at identificere din computer mv. og samle information om, din adf\u00e6rd p\u00e5 nettet, herunder hvilke sider og funktioner, der bes\u00f8ges med din browser, samt sikre at den fungerer rent teknisk. I nogle tilf\u00e6lde er cookies n\u00f8dvendige for at f\u00e5 et website til at fungere efter hensigten. En cookie er statisk og \u00a0kan ikke sprede computervirus eller p\u00e5 andre m\u00e5der distribuere skadelige programmer. Den er anonym og indeholder ingen personoplysninger. Cookies anvendes af stort set alle websites.<\/p>\n<h2>Typer af cookies<\/h2>\n<p>Der findes to typer af cookies: Sessionscookies og permanente cookies. Sessioncookies slettes automatisk fra browseren, n\u00e5r du lukker den. Permanente cookies gemmes p\u00e5 din enhed i en bestemt tidsperiode hvorefter de udl\u00f8ber.<\/p>\n<p>Der skelnes desuden mellem f\u00f8rstepartscookies og tredjepartscookies. F\u00f8rstepartscookies s\u00e6ttes af den hjemmeside du bes\u00f8ger, tredjepartscookies s\u00e6ttes af en tredjepart, som har elementer indlejret p\u00e5 den hjemmeside, du bes\u00f8ger. Tredjepartscookies s\u00e6ttes bl.a. af webanalyseprogrammer, som f.eks. Google Analytics og WebTrends.<\/p>\n<p>Denne Cookiepolitik g\u00e6lder kun for inuitheritage.gl\/gl. Ved klik p\u00e5 funktioner, der navigerer til andre websites har Qeqqata Kommunia Sismiut - GL ikke ansvar for eller kontrol over, hvilke cookies, der anvendes.<\/p>\n<h2>Cookies p\u00e5 inuitheritage.gl\/gl<\/h2>\n<div class=\"cookie-manager--cookie-table\" data-cookie-declaration=\"\"><\/div>\n<p>Findes ingen &#8211; listes almindelige cookies<\/p>\n<h2>Hvordan undg\u00e5r eller sletter du cookies<\/h2>\n<p>Hvis du ikke \u00f8nsker cookies fra inuitheritage.gl\/gl kan du altid blokere for alle cookies, slette eksisterende cookies p\u00e5 din computer eller modtage en advarsel f\u00f8r, der gemmes en cookie. Alle browsere tillader, at du sletter cookies enkeltvis eller alle p\u00e5 en gang. Hvordan du g\u00f8r det, afh\u00e6nger af, hvilken browser du anvender. F\u00f8lg links nedenfor f\u00e5r at f\u00e5 vejledninger til din browser. Husk, at bruger du flere browsere, skal du slette cookies i dem alle.<\/p>\n<ul>\n<li><a href=\"http:\/\/windows.microsoft.com\/da-DK\/windows-vista\/Delete-your-Internet-cookies\" target=\"_blank\" rel=\"noopener\">Vejledning i at slette cookies p\u00e5 Microsoft Internet Explorer<\/a><\/li>\n<li><a href=\"https:\/\/support.apple.com\/kb\/PH17191\" target=\"_blank\" rel=\"noopener\">Vejledning i at slette cookies p\u00e5 Safari browser<\/a><\/li>\n<li><a href=\"http:\/\/support.google.com\/chrome\/bin\/answer.py?hl=da&amp;answer=95647\" target=\"_blank\" rel=\"noopener\">Vejledning i at slette cookies p\u00e5 Google Chrome browser<\/a><\/li>\n<li><a href=\"http:\/\/support.mozilla.org\/da\/kb\/delete-cookies-remove-info-websites-stored?redirectlocale=en-US&amp;redirectslug=Deleting+cookies\" target=\"_blank\" rel=\"noopener\">Vejledning i at slette cookies p\u00e5 Mozilla Firefox browser<\/a><\/li>\n<li><a href=\"http:\/\/timeread.hubpages.com\/hub\/How-to-delete-internet-cookies-on-your-Droid-or-any-Android-device\" target=\"_blank\" rel=\"noopener\">Vejledning i at slette cookies fra Android telefoner<\/a><\/li>\n<li><a href=\"http:\/\/help.opera.com\/Windows\/9.51\/da\/cookies.html\" target=\"_blank\" rel=\"noopener\">Vejledning i at slette cookies p\u00e5 Opera browser<\/a><\/li>\n<li><a href=\"http:\/\/support.apple.com\/kb\/HT1677?viewlocale=da_DK\" target=\"_blank\" rel=\"noopener\">Vejledning i at slette cookies p\u00e5 iPad, iPhone, iPod touch<\/a><\/li>\n<li><a href=\"https:\/\/kb.wisc.edu\/page.php?id=24078\" target=\"_blank\" rel=\"noopener\">Vejledning i at slette cookies fra Windows Phone<\/a><\/li>\n<\/ul>\n<h2>Hvad sker der hvis du ikke accepterer eller sletter cookies<\/h2>\n<p>Hvis du v\u00e6lger at blokere for alle cookies eller sletter eksisterende cookies p\u00e5 din computer, kan du stadig l\u00e6se tekst p\u00e5 inuitheritage.gl\/gl. Dog kan der v\u00e6re funktioner og services du ikke kan bruge, fordi de foruds\u00e6tter, at webstedet kan huske de valg du foretager.<\/p>\n<h2>Regler<\/h2>\n<p>De regler, der g\u00e6lder for Qeqqata Kommunia Sismiut - GL brug af cookies, findes nedenfor.<\/p>\n<p><a href=\"https:\/\/www.retsinformation.dk\/Forms\/R0710.aspx?id=139279\" target=\"_blank\" rel=\"noopener\">Bekendtg\u00f8relse om cookies<br \/>\n<\/a><a href=\"https:\/\/erhvervsstyrelsen.dk\/cookie-loven\" target=\"_blank\" rel=\"noopener\">Vejledning om cookies<\/a><\/p>\n<h2>Kontakt<\/h2>\n<p>Du er velkommen til at kontakte os hvis du har yderligere sp\u00f8rgsm\u00e5l til anvendelsen af cookies p\u00e5 inuitheritage.gl\/gl.<\/p>\n","protected":false},"excerpt":{"rendered":"<p>Brug af cookies Her kan du l\u00e6se politik for anvendelsen af cookies ved bes\u00f8g p\u00e5 . Ved bes\u00f8g p\u00e5 hjemmeside accepterer du nedenst\u00e5ende politik om cookies. Klik her for at g\u00e5 til privatlivspolitik Hvad er en cookie? En cookie er en lille tekstfil, denne gemmes i webbrowseren p\u00e5 din computer, smartphone, iPad eller hvad du [&hellip;]<\/p>\n","protected":false},"author":1,"featured_media":0,"parent":0,"menu_order":0,"comment_status":"closed","ping_status":"closed","template":"","meta":{"inline_featured_image":false},"acf":[],"yoast_head":"<!-- This site is optimized with the Yoast SEO plugin v19.4 - https:\/\/yoast.com\/wordpress\/plugins\/seo\/ -->\n<title>Cookie-politik - Qeqqata Kommunia Sismiut - GL<\/title>\n<meta name=\"robots\" content=\"index, follow, max-snippet:-1, max-image-preview:large, max-video-preview:-1\" \/>\n<link rel=\"canonical\" href=\"https:\/\/inuitheritage.gl\/gl\/cookie-politik\/\" \/>\n<meta property=\"og:locale\" content=\"en_US\" \/>\n<meta property=\"og:type\" content=\"article\" \/>\n<meta property=\"og:title\" content=\"Cookie-politik - Qeqqata Kommunia Sismiut - GL\" \/>\n<meta property=\"og:description\" content=\"Brug af cookies Her kan du l\u00e6se politik for anvendelsen af cookies ved bes\u00f8g p\u00e5 . Ved bes\u00f8g p\u00e5 hjemmeside accepterer du nedenst\u00e5ende politik om cookies. Klik her for at g\u00e5 til privatlivspolitik Hvad er en cookie? En cookie er en lille tekstfil, denne gemmes i webbrowseren p\u00e5 din computer, smartphone, iPad eller hvad du [&hellip;]\" \/>\n<meta property=\"og:url\" content=\"https:\/\/inuitheritage.gl\/gl\/cookie-politik\/\" \/>\n<meta property=\"og:site_name\" content=\"Qeqqata Kommunia Sismiut - GL\" \/>\n<meta property=\"article:modified_time\" content=\"2021-05-25T14:46:17+00:00\" \/>\n<meta name=\"twitter:card\" content=\"summary_large_image\" \/>\n<meta name=\"twitter:label1\" content=\"Est. reading time\" \/>\n\t<meta name=\"twitter:data1\" content=\"4 minutes\" \/>\n<script type=\"application\/ld+json\" class=\"yoast-schema-graph\">{\"@context\":\"https:\/\/schema.org\",\"@graph\":[{\"@type\":\"WebSite\",\"@id\":\"https:\/\/inuitheritage.gl\/gl\/#website\",\"url\":\"https:\/\/inuitheritage.gl\/gl\/\",\"name\":\"Qeqqata Kommunia Sismiut - GL\",\"description\":\"\",\"potentialAction\":[{\"@type\":\"SearchAction\",\"target\":{\"@type\":\"EntryPoint\",\"urlTemplate\":\"https:\/\/inuitheritage.gl\/gl\/?s={search_term_string}\"},\"query-input\":\"required name=search_term_string\"}],\"inLanguage\":\"en-CA\"},{\"@type\":\"WebPage\",\"@id\":\"https:\/\/inuitheritage.gl\/gl\/cookie-politik\/\",\"url\":\"https:\/\/inuitheritage.gl\/gl\/cookie-politik\/\",\"name\":\"Cookie-politik - Qeqqata Kommunia Sismiut - GL\",\"isPartOf\":{\"@id\":\"https:\/\/inuitheritage.gl\/gl\/#website\"},\"datePublished\":\"2021-05-19T09:12:03+00:00\",\"dateModified\":\"2021-05-25T14:46:17+00:00\",\"breadcrumb\":{\"@id\":\"https:\/\/inuitheritage.gl\/gl\/cookie-politik\/#breadcrumb\"},\"inLanguage\":\"en-CA\",\"potentialAction\":[{\"@type\":\"ReadAction\",\"target\":[\"https:\/\/inuitheritage.gl\/gl\/cookie-politik\/\"]}]},{\"@type\":\"BreadcrumbList\",\"@id\":\"https:\/\/inuitheritage.gl\/gl\/cookie-politik\/#breadcrumb\",\"itemListElement\":[{\"@type\":\"ListItem\",\"position\":1,\"name\":\"Home\",\"item\":\"https:\/\/inuitheritage.gl\/gl\/\"},{\"@type\":\"ListItem\",\"position\":2,\"name\":\"Cookie-politik\"}]}]}<\/script>\n<!-- \/ Yoast SEO plugin. -->","yoast_head_json":{"title":"Cookie-politik - Qeqqata Kommunia Sismiut - GL","robots":{"index":"index","follow":"follow","max-snippet":"max-snippet:-1","max-image-preview":"max-image-preview:large","max-video-preview":"max-video-preview:-1"},"canonical":"https:\/\/inuitheritage.gl\/gl\/cookie-politik\/","og_locale":"en_US","og_type":"article","og_title":"Cookie-politik - Qeqqata Kommunia Sismiut - GL","og_description":"Brug af cookies Her kan du l\u00e6se politik for anvendelsen af cookies ved bes\u00f8g p\u00e5 . Ved bes\u00f8g p\u00e5 hjemmeside accepterer du nedenst\u00e5ende politik om cookies. Klik her for at g\u00e5 til privatlivspolitik Hvad er en cookie? En cookie er en lille tekstfil, denne gemmes i webbrowseren p\u00e5 din computer, smartphone, iPad eller hvad du [&hellip;]","og_url":"https:\/\/inuitheritage.gl\/gl\/cookie-politik\/","og_site_name":"Qeqqata Kommunia Sismiut - GL","article_modified_time":"2021-05-25T14:46:17+00:00","twitter_card":"summary_large_image","twitter_misc":{"Est. reading time":"4 minutes"},"schema":{"@context":"https:\/\/schema.org","@graph":[{"@type":"WebSite","@id":"https:\/\/inuitheritage.gl\/gl\/#website","url":"https:\/\/inuitheritage.gl\/gl\/","name":"Qeqqata Kommunia Sismiut - GL","description":"","potentialAction":[{"@type":"SearchAction","target":{"@type":"EntryPoint","urlTemplate":"https:\/\/inuitheritage.gl\/gl\/?s={search_term_string}"},"query-input":"required name=search_term_string"}],"inLanguage":"en-CA"},{"@type":"WebPage","@id":"https:\/\/inuitheritage.gl\/gl\/cookie-politik\/","url":"https:\/\/inuitheritage.gl\/gl\/cookie-politik\/","name":"Cookie-politik - Qeqqata Kommunia Sismiut - GL","isPartOf":{"@id":"https:\/\/inuitheritage.gl\/gl\/#website"},"datePublished":"2021-05-19T09:12:03+00:00","dateModified":"2021-05-25T14:46:17+00:00","breadcrumb":{"@id":"https:\/\/inuitheritage.gl\/gl\/cookie-politik\/#breadcrumb"},"inLanguage":"en-CA","potentialAction":[{"@type":"ReadAction","target":["https:\/\/inuitheritage.gl\/gl\/cookie-politik\/"]}]},{"@type":"BreadcrumbList","@id":"https:\/\/inuitheritage.gl\/gl\/cookie-politik\/#breadcrumb","itemListElement":[{"@type":"ListItem","position":1,"name":"Home","item":"https:\/\/inuitheritage.gl\/gl\/"},{"@type":"ListItem","position":2,"name":"Cookie-politik"}]}]}},"_links":{"self":[{"href":"https:\/\/inuitheritage.gl\/gl\/wp-json\/wp\/v2\/pages\/9"}],"collection":[{"href":"https:\/\/inuitheritage.gl\/gl\/wp-json\/wp\/v2\/pages"}],"about":[{"href":"https:\/\/inuitheritage.gl\/gl\/wp-json\/wp\/v2\/types\/page"}],"author":[{"embeddable":true,"href":"https:\/\/inuitheritage.gl\/gl\/wp-json\/wp\/v2\/users\/1"}],"replies":[{"embeddable":true,"href":"https:\/\/inuitheritage.gl\/gl\/wp-json\/wp\/v2\/comments?post=9"}],"version-history":[{"count":2,"href":"https:\/\/inuitheritage.gl\/gl\/wp-json\/wp\/v2\/pages\/9\/revisions"}],"predecessor-version":[{"id":42,"href":"https:\/\/inuitheritage.gl\/gl\/wp-json\/wp\/v2\/pages\/9\/revisions\/42"}],"wp:attachment":[{"href":"https:\/\/inuitheritage.gl\/gl\/wp-json\/wp\/v2\/media?parent=9"}],"curies":[{"name":"wp","href":"https:\/\/api.w.org\/{rel}","templated":true}]}}