{"id":10,"date":"2021-05-19T11:12:03","date_gmt":"2021-05-19T09:12:03","guid":{"rendered":"https:\/\/inuitheritage.gl\/privatlivspolitik-2\/"},"modified":"2021-05-25T16:46:22","modified_gmt":"2021-05-25T14:46:22","slug":"privatlivspolitik-2","status":"publish","type":"page","link":"https:\/\/inuitheritage.gl\/gl\/privatlivspolitik-2\/","title":{"rendered":"Privatlivspolitik"},"content":{"rendered":"<p>Ved at benytte inuitheritage.gl\/gl accepterer du, at Qeqqata Kommunia Sismiut - GL behandler dine personoplysninger og cookies i henhold til nedenst\u00e5ende data- og cookiepolitik. Cookies bruges til f\u00e5 inuitheritage.gl\/gl til at fungere. Vi bruger bl.a. cookies til at g\u00f8re det muligt at l\u00e6gge varer i kurven, logge ind og til at forbedre vores website.<\/p>\n<p><a href=\"https:\/\/inuitheritage.gl\/gl\/cookie-politik\/\">Klik her for at g\u00e5 til cookie-politik<\/a><\/p>\n<h2>Kort om Privatlivs- og persondatapolitik<\/h2>\n<p>Denne privatlivs- og persondatapolitik er sammenfattet for bedre at kunne oplyse dig som kunde om, hvilke persondata Qeqqata Kommunia Sismiut - GL behandler, og hvordan vi behandler dem \u2013 persondata skal forst\u00e5s som al personhenf\u00f8rbar data.<\/p>\nQeqqata Kommunia Sismiut - GL respekterer alle \u00f8nsker om hemmeligholdelse af personlige oplysninger, som afgives online og er opm\u00e6rksomme p\u00e5 behovet for hensigtsm\u00e6ssig beskyttelse og forsvarlig behandling af alle personlige oplysninger, som vi modtager.<\/p>\n<p>Hvis ikke nedenst\u00e5ende persondatapolitik kan accepteres forbeholder Qeqqata Kommunia Sismiut - GL sig retten til at afvise ordre og andre henvendelser, da en manglende accept kan medf\u00f8re at Qeqqata Kommunia Sismiut - GL ikke kan servicere forholdet, som ellers er p\u00e5kr\u00e6vet via g\u00e6ldende lovgivning.<\/p>\n<h2>Personoplysninger<\/h2>\n<p>Personoplysninger d\u00e6kker alle data, der kan bruges til at identificere personer, herunder men ikke begr\u00e6nset til for-, mellem- og efternavn, alder, k\u00f8n, stilling, privatadresse eller anden fysisk adresse, e-mailadresse eller andre kontaktoplysninger, uanset om de vedr\u00f8rer vedkommendes private bop\u00e6l eller arbejdsplads.<\/p>\n<p>Ligeledes indeholder personoplysninger ogs\u00e5 data som adf\u00e6rd, k\u00f8bshistorik, \u00f8konomiske oplysninger mv., der alle benyttes i opretholdelse af kunde- og leverand\u00f8rforholdet mellem kunder og Qeqqata Kommunia Sismiut - GL.<\/p>\n<h2>Hvilke personoplysninger indsamler og behandler vi?<\/h2>\n<p>Du kan tilg\u00e5 inuitheritage.gl\/gl uden at oplyse os om dine persondata. Ved tilgang til hjemmesiden uddeles der et ID til din session. Dette kan ikke identificere dig som person.<\/p>\nQeqqata Kommunia Sismiut - GL har brug for en r\u00e6kke personoplysninger for at kunne handle med dig og din virksomhed, opretholde servicering af kundeforholdet samt markedsf\u00f8re produkter og ydelser. Visse oplysninger indsamles og behandles ogs\u00e5 efter lovkrav i henhold til hvidvasknings- og bogf\u00f8ringsloven.<\/p>\n<p>Nedenst\u00e5ende oplysninger kan blive indsamlet og behandlet, n\u00e5r du bes\u00f8ger inuitheritage.gl\/gl;<br \/>\nE-mailadresse, for- og efternavn, adresse, telefonnummer, alder, k\u00f8n, tekniske detaljer (IP-adresser inkluderet), adf\u00e6rd (inkluderet: bes\u00f8gte URL, event triggers, handlinger s\u00e5som klik, \u00e5bningsrater, log-in, tid p\u00e5 hver side mv.), geografiske data samt data der m\u00e5tte v\u00e6re n\u00f8dvendige for gennemf\u00f8rsel af en handel.<\/p>\n<h2>Qeqqata Kommunia Sismiut - GL indsamler og behandler oplysninger om dig, n\u00e5r du:<\/h2>\n<ul>\n<li>Opretter en konto<\/li>\n<li>Foretager k\u00f8b<\/li>\n<li>Sender foresp\u00f8rgsler, klager og\/eller interagerer med Qeqqata Kommunia Sismiut - GL p\u00e5 anden vis<\/li>\n<li>Tilmelder dig og\/eller interagerer med online markedsf\u00f8ringsmaterialer (herunder med ikke begr\u00e6nset til nyhedsbreve, sms- og notifikationer, annoncer p\u00e5 tredjepartshjemmesider eller lignende)<\/li>\n<li>Afgiver personoplysninger p\u00e5 anden vis til Qeqqata Kommunia Sismiut - GL<\/li>\n<\/ul>\nQeqqata Kommunia Sismiut - GL indsamler kun de personoplysninger, der er n\u00f8dvendige for at levere en ydelse eller et produkt, markedsf\u00f8re ydelser og produkter eller behandle foresp\u00f8rgsler.<\/p>\nQeqqata Kommunia Sismiut - GL indsamler og\/eller k\u00f8ber ikke personhenf\u00f8rbare oplysninger fra tredjemand.<\/p>\nQeqqata Kommunia Sismiut - GL benytter anerkendte kortindl\u00f8sere til evt. h\u00e5ndtering af online korttransaktioner og opbevarer ikke informationer om betalingskort. Bem\u00e6rk at ved fakturering opbevares fakturerings- og bankoplysninger i henhold til g\u00e6ldende love p\u00e5 omr\u00e5det herunder hvidvasknings- og bogf\u00f8ringsloven.<\/p>\n<h2>Hvordan bruger vi dine oplysninger?<\/h2>\n<p>Vi kan g\u00f8re brug af den indsamlede information p\u00e5 f\u00f8lgende m\u00e5der:<\/p>\n<ul>\n<li>Til at personalisere din oplevelse p\u00e5 mail og hjemmeside gennem personlige anbefalinger p\u00e5 baggrund af k\u00f8bshistorik<\/li>\n<li>Til at forbedre inuitheritage.gl\/gl og markedsf\u00f8ring fra Qeqqata Kommunia Sismiut - GL<\/li>\n<li>Til at kunne servicere dig bedre ved henvendelse til kundeservice<\/li>\n<li>Til at administrere konkurrencer, kundeunders\u00f8gelser mv.<\/li>\n<li>Til hurtigst muligt at kunne h\u00e5ndtere dine ordre<\/li>\n<li>Til at indhente produkt- og trustpilot anmeldelser<\/li>\n<li>Til opf\u00f8lgning p\u00e5 henvendelser<\/li>\n<li>Til generel markedsf\u00f8ring<\/li>\n<\/ul>\n<h2>Hvordan beskytter vi dine informationer?<\/h2>\n<p>Vores hjemmeside scannes l\u00f8bende for sikkerhedsbrister og svagheder, for at vi hurtigst muligt kan udelukke potentielle datal\u00e6kager og dermed g\u00f8re vores hjemmeside s\u00e5 sikker som muligt. Ligeledes scannes der regelm\u00e6ssigt for malware.<\/p>\n<p>Dine personlige oplysninger opbevares p\u00e5 sikrede netv\u00e6rk og kan kun tilg\u00e5s af en begr\u00e6nset m\u00e6ngde medarbejdere med rettigheder til denne type information. Disse er desuden underlagt vores persondatapolitik, der sikrer dine rettigheder og sikrer overholdelse af g\u00e6ldende lovgivning p\u00e5 omr\u00e5det.<\/p>\n<p>I tilf\u00f8jelse af ovenst\u00e5ende behandles eventuelle sensitive- og betalingsinformationer p\u00e5 krypterede servere, der ikke kan tilg\u00e5s udefra. Kreditkortinformationer behandles af kortindl\u00f8sere og kan ikke tilg\u00e5s af hverken Qeqqata Kommunia Sismiut - GL eller ansatte hos kortindl\u00f8sere. Disse transaktioner opbevares ikke p\u00e5 interne servere og behandles p\u00e5 intet tidspunkt af Qeqqata Kommunia Sismiut - GL selv.<\/p>\n<h2>Hvem videregiver vi personoplysninger til?<\/h2>\n<p>Personoplysninger afgivet p\u00e5 inuitheritage.gl\/gl eller via telefonisk kontakt videregives kun til:<\/p>\n<ul>\n<li>Interne afdelinger \/ personale<\/li>\n<li>Betroede tredjem\u00e6nd der er n\u00f8dvendige for opfyldelse af aftaler om levering, betaling og servicering herunder inkasso og retslige instanser<\/li>\n<li>Forretningspartnere med henblik p\u00e5 at vedligeholde din konto og\/eller markedsf\u00f8ring.<\/li>\n<\/ul>\n<p>For at kunne give den bedst mulige oplevelse p\u00e5 Qeqqata Kommunia Sismiut - GL\u2019 hjemmesider f\u00f8rer vi statistik over, hvordan brugerne anvender siderne. Statistikken anvendes udelukkende i anonymiseret form f.eks. til at se, hvilke sider og hvilket indhold brugerne interagerer med.<\/p>\nQeqqata Kommunia Sismiut - GL kan anvende Google Analytics til indsamling af bes\u00f8gsstatistik og videregiver i den forbindelse IP-adresser til Google Analytics. Privatlivsvilk\u00e5rene for Google Analytics accepteres ved bes\u00f8g p\u00e5 inuitheritage.gl\/gl og kan findes her:<a href=\"https:\/\/privacy.google.com\/\" target=\"_blank\" rel=\"noopener\">www.google.com\/privacy<\/a><\/p>\n<p>Blandt Qeqqata Kommunia Sismiut - GL og alle forretningspartnere og leverand\u00f8rer forefindes en databehandleraftale, der til hver en tid skal sikre brugernes og kundernes interesser. Disse aftaler kan til hver en tid fremvises p\u00e5 anmodning.<\/p>\n<h2>Hvor lagres dine personoplysninger?<\/h2>\n<p>Dine oplysninger lagres p\u00e5 servere i EU. Nogle personoplysninger administreres af en tredjemand (databehandler), som opbevarer og behandler personoplysninger p\u00e5 Qeqqata Kommunia Sismiut - GLvegne i henhold til denne datapolitik og den g\u00e6ldende lovgivning om beskyttelse af persondata.<\/p>\n<p>\u00d8nsker du p\u00e5 noget tidspunkt at afmelde evt. nyhedsbreve, kan du f\u00f8lge instruktionerne I bunden af hver email. Har du imidlertid problemer med at afmelde dig, kan vores kundeservice kontaktes via nedenst\u00e5ende kontaktoplysninger.<\/p>\n<p>Ved afmelding af markedsf\u00f8ring fra Qeqqata Kommunia Sismiut - GL slettes alle tilsagn du har afgivet til os. Disse kan ikke genskabes, og \u00f8nsker du p\u00e5 noget tidspunkt indsigt i, hvad vi tidligere har sendt dig, tidligere tilbud eller lignende, g\u00f8r vi opm\u00e6rksom p\u00e5, at disse ikke kan genskabes.<\/p>\n<h2>Hvor l\u00e6nge opbevares dine personoplysninger?<\/h2>\n<p>Ved et aktivt kundeforhold, opbevares dine data s\u00e5 l\u00e6nge som n\u00f8dvendigt, for at vi kan servicere dig. Afbrydes kundeforholdet, opbevares dine data op mod to \u00e5r, alt efter karakteren af dataene.<\/p>\n<p>Du kan til hver en tid bede om indsigt eller sletning af dine data. Af anden lovgivning (hhv. bogf\u00f8rings- og hvidvaskningsloven) bevares alle transaktionelle data, inkl. kontakt- og firmaoplysninger i fem \u00e5r.<\/p>\n<h2>Datal\u00e6kage<\/h2>\n<p>Vi tager sikkerhedsbrud og datal\u00e6kage meget alvorligt. Ved mistanke om datal\u00e6kage fra Qeqqata Kommunia Sismiut - GL interne servere eller hos eksterne partnere iv\u00e6rks\u00e6ttes en r\u00e6kke initiativer, der skal sikre vores kunder og brugere bedst muligt.<\/p>\n<p>Dette indeb\u00e6rer blandt andet afd\u00e6kning af den potentielle skades omfang, meddelelse til potentielt ramte kunder og brugere, meddelelse til Datatilsynet samt handlinger, der skal fors\u00f8ge at indd\u00e6mme omfanget af skaderne.<\/p>\n<p>Har vi mistanke om datal\u00e6kage fra Qeqqata Kommunia Sismiut - GL eller dennes eksterne partnere, vil alle \u00a0implicerede, herunder ogs\u00e5 brugeren, blive informeret herom indenfor 72 timer. Har du mistanke om, at dine data er l\u00e6kket fra Qeqqata Kommunia Sismiut - GL, bedes du til hver en tid tage kontakt til os.<\/p>\n<h2>Adgang til oplysninger<\/h2>\n<p>Du kan altid \u00e6ndre i dine kontooplysninger og interesseomr\u00e5der og herunder angive, om du \u00f8nsker, at vi skal kontakte dig i forbindelse med tilbud p\u00e5 varer eller serviceydelser eller framelde dig nyhedsbreve.<\/p>\n<p>Du kan f\u00e5 oplyst, hvilke oplysninger vi har registreret om dig. Hvis du \u00f8nsker at modtage en kopi af disse oplysninger, bedes du kontakte os.<\/p>\n<p>S\u00e5fremt du \u00f8nsker alle data slettet, bedes du kontakte os.<\/p>\n<p>Bem\u00e6rk! N\u00e5r f\u00f8rst alle data er slettede, kan disse ikke genskabes. Data der kr\u00e6ves opbevaret ift. lovgivning kan ikke slettes p\u00e5 anmodning.<\/p>\n<h2>Revision<\/h2>\n<p>Vi reviderer l\u00f8bende vores processer for databehandling. Denne politik opdateres en gang \u00e5rligt.<\/p>\n<h2>Kontakt, \u00e6ndring og opdatering af persondatapolitikken<\/h2>\nQeqqata Kommunia Sismiut - GL forpligter sig til l\u00f8bende at opfylde lovgivningens krav til beskyttelse af privatlivets fred.<\/p>\n<p>Hvis du har sp\u00f8rgsm\u00e5l eller kommentarer til vores datapolitik, eller til hvordan vi bruger dine personoplysninger, bedes du kontakte vores kundeservice.<\/p>\n<p>\u00d8nsker du p\u00e5 noget tidspunkt at afmelde vores nyhedsbreve, kan du f\u00f8lge instruktionerne I bunden af hver email. Har du imidlertid problemer med at afmelde dig, kan vores kundeservice kontaktes via nedenst\u00e5ende kontaktoplysninger.<\/p>\n<p>Ved afmelding af markedsf\u00f8ring fra Qeqqata Kommunia Sismiut - GL slettes alle tilsagn du har afgivet til os. Disse kan ikke genskabes, og \u00f8nsker du p\u00e5 noget tidspunkt indsigt i, hvad vi tidligere har sendt dig, tidligere tilbud eller lignende, g\u00f8r vi opm\u00e6rksom p\u00e5, at disse ikke kan genskabes.<\/p>\n","protected":false},"excerpt":{"rendered":"<p>Ved at benytte accepterer du, at behandler dine personoplysninger og cookies i henhold til nedenst\u00e5ende data- og cookiepolitik. Cookies bruges til f\u00e5 til at fungere. Vi bruger bl.a. cookies til at g\u00f8re det muligt at l\u00e6gge varer i kurven, logge ind og til at forbedre vores website. Klik her for at g\u00e5 til cookie-politik Kort [&hellip;]<\/p>\n","protected":false},"author":1,"featured_media":0,"parent":0,"menu_order":0,"comment_status":"closed","ping_status":"closed","template":"","meta":{"inline_featured_image":false},"acf":[],"yoast_head":"<!-- This site is optimized with the Yoast SEO plugin v19.4 - https:\/\/yoast.com\/wordpress\/plugins\/seo\/ -->\n<title>Privatlivspolitik - Qeqqata Kommunia Sismiut - GL<\/title>\n<meta name=\"robots\" content=\"index, follow, max-snippet:-1, max-image-preview:large, max-video-preview:-1\" \/>\n<link rel=\"canonical\" href=\"https:\/\/inuitheritage.gl\/gl\/privatlivspolitik-2\/\" \/>\n<meta property=\"og:locale\" content=\"en_US\" \/>\n<meta property=\"og:type\" content=\"article\" \/>\n<meta property=\"og:title\" content=\"Privatlivspolitik - Qeqqata Kommunia Sismiut - GL\" \/>\n<meta property=\"og:description\" content=\"Ved at benytte accepterer du, at behandler dine personoplysninger og cookies i henhold til nedenst\u00e5ende data- og cookiepolitik. Cookies bruges til f\u00e5 til at fungere. Vi bruger bl.a. cookies til at g\u00f8re det muligt at l\u00e6gge varer i kurven, logge ind og til at forbedre vores website. Klik her for at g\u00e5 til cookie-politik Kort [&hellip;]\" \/>\n<meta property=\"og:url\" content=\"https:\/\/inuitheritage.gl\/gl\/privatlivspolitik-2\/\" \/>\n<meta property=\"og:site_name\" content=\"Qeqqata Kommunia Sismiut - GL\" \/>\n<meta property=\"article:modified_time\" content=\"2021-05-25T14:46:22+00:00\" \/>\n<meta name=\"twitter:card\" content=\"summary_large_image\" \/>\n<meta name=\"twitter:label1\" content=\"Est. reading time\" \/>\n\t<meta name=\"twitter:data1\" content=\"8 minutes\" \/>\n<script type=\"application\/ld+json\" class=\"yoast-schema-graph\">{\"@context\":\"https:\/\/schema.org\",\"@graph\":[{\"@type\":\"WebSite\",\"@id\":\"https:\/\/inuitheritage.gl\/gl\/#website\",\"url\":\"https:\/\/inuitheritage.gl\/gl\/\",\"name\":\"Qeqqata Kommunia Sismiut - GL\",\"description\":\"\",\"potentialAction\":[{\"@type\":\"SearchAction\",\"target\":{\"@type\":\"EntryPoint\",\"urlTemplate\":\"https:\/\/inuitheritage.gl\/gl\/?s={search_term_string}\"},\"query-input\":\"required name=search_term_string\"}],\"inLanguage\":\"en-CA\"},{\"@type\":\"WebPage\",\"@id\":\"https:\/\/inuitheritage.gl\/gl\/privatlivspolitik-2\/\",\"url\":\"https:\/\/inuitheritage.gl\/gl\/privatlivspolitik-2\/\",\"name\":\"Privatlivspolitik - Qeqqata Kommunia Sismiut - GL\",\"isPartOf\":{\"@id\":\"https:\/\/inuitheritage.gl\/gl\/#website\"},\"datePublished\":\"2021-05-19T09:12:03+00:00\",\"dateModified\":\"2021-05-25T14:46:22+00:00\",\"breadcrumb\":{\"@id\":\"https:\/\/inuitheritage.gl\/gl\/privatlivspolitik-2\/#breadcrumb\"},\"inLanguage\":\"en-CA\",\"potentialAction\":[{\"@type\":\"ReadAction\",\"target\":[\"https:\/\/inuitheritage.gl\/gl\/privatlivspolitik-2\/\"]}]},{\"@type\":\"BreadcrumbList\",\"@id\":\"https:\/\/inuitheritage.gl\/gl\/privatlivspolitik-2\/#breadcrumb\",\"itemListElement\":[{\"@type\":\"ListItem\",\"position\":1,\"name\":\"Home\",\"item\":\"https:\/\/inuitheritage.gl\/gl\/\"},{\"@type\":\"ListItem\",\"position\":2,\"name\":\"Privatlivspolitik\"}]}]}<\/script>\n<!-- \/ Yoast SEO plugin. -->","yoast_head_json":{"title":"Privatlivspolitik - Qeqqata Kommunia Sismiut - GL","robots":{"index":"index","follow":"follow","max-snippet":"max-snippet:-1","max-image-preview":"max-image-preview:large","max-video-preview":"max-video-preview:-1"},"canonical":"https:\/\/inuitheritage.gl\/gl\/privatlivspolitik-2\/","og_locale":"en_US","og_type":"article","og_title":"Privatlivspolitik - Qeqqata Kommunia Sismiut - GL","og_description":"Ved at benytte accepterer du, at behandler dine personoplysninger og cookies i henhold til nedenst\u00e5ende data- og cookiepolitik. Cookies bruges til f\u00e5 til at fungere. Vi bruger bl.a. cookies til at g\u00f8re det muligt at l\u00e6gge varer i kurven, logge ind og til at forbedre vores website. Klik her for at g\u00e5 til cookie-politik Kort [&hellip;]","og_url":"https:\/\/inuitheritage.gl\/gl\/privatlivspolitik-2\/","og_site_name":"Qeqqata Kommunia Sismiut - GL","article_modified_time":"2021-05-25T14:46:22+00:00","twitter_card":"summary_large_image","twitter_misc":{"Est. reading time":"8 minutes"},"schema":{"@context":"https:\/\/schema.org","@graph":[{"@type":"WebSite","@id":"https:\/\/inuitheritage.gl\/gl\/#website","url":"https:\/\/inuitheritage.gl\/gl\/","name":"Qeqqata Kommunia Sismiut - GL","description":"","potentialAction":[{"@type":"SearchAction","target":{"@type":"EntryPoint","urlTemplate":"https:\/\/inuitheritage.gl\/gl\/?s={search_term_string}"},"query-input":"required name=search_term_string"}],"inLanguage":"en-CA"},{"@type":"WebPage","@id":"https:\/\/inuitheritage.gl\/gl\/privatlivspolitik-2\/","url":"https:\/\/inuitheritage.gl\/gl\/privatlivspolitik-2\/","name":"Privatlivspolitik - Qeqqata Kommunia Sismiut - GL","isPartOf":{"@id":"https:\/\/inuitheritage.gl\/gl\/#website"},"datePublished":"2021-05-19T09:12:03+00:00","dateModified":"2021-05-25T14:46:22+00:00","breadcrumb":{"@id":"https:\/\/inuitheritage.gl\/gl\/privatlivspolitik-2\/#breadcrumb"},"inLanguage":"en-CA","potentialAction":[{"@type":"ReadAction","target":["https:\/\/inuitheritage.gl\/gl\/privatlivspolitik-2\/"]}]},{"@type":"BreadcrumbList","@id":"https:\/\/inuitheritage.gl\/gl\/privatlivspolitik-2\/#breadcrumb","itemListElement":[{"@type":"ListItem","position":1,"name":"Home","item":"https:\/\/inuitheritage.gl\/gl\/"},{"@type":"ListItem","position":2,"name":"Privatlivspolitik"}]}]}},"_links":{"self":[{"href":"https:\/\/inuitheritage.gl\/gl\/wp-json\/wp\/v2\/pages\/10"}],"collection":[{"href":"https:\/\/inuitheritage.gl\/gl\/wp-json\/wp\/v2\/pages"}],"about":[{"href":"https:\/\/inuitheritage.gl\/gl\/wp-json\/wp\/v2\/types\/page"}],"author":[{"embeddable":true,"href":"https:\/\/inuitheritage.gl\/gl\/wp-json\/wp\/v2\/users\/1"}],"replies":[{"embeddable":true,"href":"https:\/\/inuitheritage.gl\/gl\/wp-json\/wp\/v2\/comments?post=10"}],"version-history":[{"count":1,"href":"https:\/\/inuitheritage.gl\/gl\/wp-json\/wp\/v2\/pages\/10\/revisions"}],"predecessor-version":[{"id":43,"href":"https:\/\/inuitheritage.gl\/gl\/wp-json\/wp\/v2\/pages\/10\/revisions\/43"}],"wp:attachment":[{"href":"https:\/\/inuitheritage.gl\/gl\/wp-json\/wp\/v2\/media?parent=10"}],"curies":[{"name":"wp","href":"https:\/\/api.w.org\/{rel}","templated":true}]}}